{"id":649,"date":"2025-01-10T22:08:09","date_gmt":"2025-01-10T22:08:09","guid":{"rendered":"https:\/\/plts.ianesgeek.com\/institucional1\/?page_id=649"},"modified":"2025-01-10T23:30:59","modified_gmt":"2025-01-10T23:30:59","slug":"blog","status":"publish","type":"page","link":"https:\/\/plts.ianesgeek.com\/institucional1\/blog\/","title":{"rendered":"Blog"},"content":{"rendered":"\t\t<div data-elementor-type=\"wp-page\" data-elementor-id=\"649\" class=\"elementor elementor-649\">\n\t\t\t\t<div class=\"elementor-element elementor-element-e05b371 e-flex e-con-boxed wpr-particle-no wpr-jarallax-no wpr-parallax-no wpr-sticky-section-no e-con e-parent\" data-id=\"e05b371\" data-element_type=\"container\">\n\t\t\t\t\t<div class=\"e-con-inner\">\n\t\t\t\t<div class=\"elementor-element elementor-element-99aa4d2 elementor-widget elementor-widget-heading\" data-id=\"99aa4d2\" data-element_type=\"widget\" data-widget_type=\"heading.default\">\n\t\t\t\t<div class=\"elementor-widget-container\">\n\t\t\t\t\t<h2 class=\"elementor-heading-title elementor-size-default\">Nosso Blog<\/h2>\t\t\t\t<\/div>\n\t\t\t\t<\/div>\n\t\t\t\t<div class=\"elementor-element elementor-element-918011d elementor-widget-mobile__width-initial elementor-widget elementor-widget-heading\" data-id=\"918011d\" data-element_type=\"widget\" data-widget_type=\"heading.default\">\n\t\t\t\t<div class=\"elementor-widget-container\">\n\t\t\t\t\t<h2 class=\"elementor-heading-title elementor-size-default\">N\u00e3o deixe de conferir os \u00faltimos posts do nosso blog.<\/h2>\t\t\t\t<\/div>\n\t\t\t\t<\/div>\n\t\t\t\t<div class=\"elementor-element elementor-element-78d2c2e elementor-widget elementor-widget-upk-alex-grid\" data-id=\"78d2c2e\" data-element_type=\"widget\" data-settings=\"{&quot;upk_in_animation_show&quot;:&quot;yes&quot;}\" data-widget_type=\"upk-alex-grid.default\">\n\t\t\t\t<div class=\"elementor-widget-container\">\n\t\t\t\t\t\n\t\t<div class=\"upk-alex-grid upk-ajax-grid\" data-loadmore=\"[]\">\n\t\t\t<div class=\"upk-alex-wrap upk-ajax-grid-wrap upk-content-left upk-style-3 upk-in-animation\" data-in-animation-delay=\"\">\n\n\t\t\t\t\n\t\t\t\t\t\t\t<div class=\"upk-item\">\n\t\t\t<div class=\"upk-image-wrap\">\n\t\t\t\t<img fetchpriority=\"high\" decoding=\"async\" width=\"800\" height=\"640\" src=\"https:\/\/plts.ianesgeek.com\/institucional1\/wp-content\/uploads\/2025\/01\/9.png\" class=\"upk-img\" alt=\"Planejando uma Sociedade Empresarial:\" srcset=\"https:\/\/plts.ianesgeek.com\/institucional1\/wp-content\/uploads\/2025\/01\/9.png 800w, https:\/\/plts.ianesgeek.com\/institucional1\/wp-content\/uploads\/2025\/01\/9-300x240.png 300w, https:\/\/plts.ianesgeek.com\/institucional1\/wp-content\/uploads\/2025\/01\/9-768x614.png 768w\" sizes=\"(max-width: 800px) 100vw, 800px\" \/>\n\t\t\t\t\t\t\t\t\t<div class=\"upk-meta\">\n\t\t\t\t\t\t\t\t\t<div class=\"upk-author-img\">\n\t\t\t\t\t\t<img alt='' src='https:\/\/secure.gravatar.com\/avatar\/6339360394ced25756c586ddb8d8ce1f?s=48&#038;d=mm&#038;r=g' srcset='https:\/\/secure.gravatar.com\/avatar\/6339360394ced25756c586ddb8d8ce1f?s=96&#038;d=mm&#038;r=g 2x' class='avatar avatar-48 photo' height='48' width='48' \/>\t\t\t\t\t<\/div>\n\t\t\t\t\t\t\t\t<div>\n\t\t\t\t\t\t\t\t\t\t\t<div class=\"upk-author-name\">\n\t\t\t\t\t\t\t<a \n\t\t\t\t\t\t\t\thref=\"https:\/\/plts.ianesgeek.com\/institucional1\/author\/ianesgeek\/\" \n\t\t\t\t\t\t\t\taria-label=\"View all posts by ianesgeek\"\n\t\t\t\t\t\t\t>\n\t\t\t\t\t\t\t\tianesgeek\t\t\t\t\t\t\t<\/a>\n\t\t\t\t\t\t<\/div>\n\t\t\t\t\t\n\t\t\t\t\t<div class=\"upk-flex upk-flex-middle upk-date-reading-wrap\">\n\t\t\t\t\t\t\n\t\t\t\t\t\t\t\t\t\t\t<\/div>\n\n\t\t\t\t<\/div>\n\t\t\t<\/div>\n\t\t\n\t\n\t\t\t\t\n\t\t\t\t<div class=\"upk-content-wrap\">\n\n\t\t\t\t\t<div class=\"upk-content\">\n\t\t\t\t\t\t\t\t<div class=\"upk-category\">\n\t\t\t<a href=\"https:\/\/plts.ianesgeek.com\/institucional1\/category\/blog\/sociedade-empresarial\/\" \n\t\t\t\t\t\t\taria-label=\"Category Sociedade Empresarial\">Sociedade Empresarial<\/a>\t\t<\/div>\n\t\t\t\t\t\t\t<h3 class=\"upk-title\"><a href=\"https:\/\/plts.ianesgeek.com\/institucional1\/planejando-uma-sociedade-empresarial\/\" title=\"Planejando uma Sociedade Empresarial:\" class=\"title-animation-\" aria-label=\"Planejando uma Sociedade Empresarial:\">Planejando uma Sociedade Empresarial:<\/a><\/h3>\t\t\t\t\t<\/div>\n\n\t\t\t\t\t\t\t<div class=\"upk-button-wrap\">\n\t\t\t<a \n\t\t\t\thref=\"https:\/\/plts.ianesgeek.com\/institucional1\/planejando-uma-sociedade-empresarial\/\" \n\t\t\t\tclass=\"upk-readmore\" \n\t\t\t\taria-label=\"Read More Button\"\n\t\t\t>\n\t\t\t\t<span class=\"upk-readmore-icon\"><span><\/span><\/span>\n\t\t\t<\/a>\n\t\t<\/div>\n\t\n\t\t\t\t<\/div>\n\t\t\t<\/div>\n\t\t<\/div>\n\t\n\t\t\t\t\n\t\t\t\t\t\t\t<div class=\"upk-item\">\n\t\t\t<div class=\"upk-image-wrap\">\n\t\t\t\t<img decoding=\"async\" width=\"800\" height=\"640\" src=\"https:\/\/plts.ianesgeek.com\/institucional1\/wp-content\/uploads\/2025\/01\/11.png\" class=\"upk-img\" alt=\"Direitos do Trabalhador em Caso de Demiss\u00e3o:\" srcset=\"https:\/\/plts.ianesgeek.com\/institucional1\/wp-content\/uploads\/2025\/01\/11.png 800w, https:\/\/plts.ianesgeek.com\/institucional1\/wp-content\/uploads\/2025\/01\/11-300x240.png 300w, https:\/\/plts.ianesgeek.com\/institucional1\/wp-content\/uploads\/2025\/01\/11-768x614.png 768w\" sizes=\"(max-width: 800px) 100vw, 800px\" \/>\n\t\t\t\t\t\t\t\t\t<div class=\"upk-meta\">\n\t\t\t\t\t\t\t\t\t<div class=\"upk-author-img\">\n\t\t\t\t\t\t<img alt='' src='https:\/\/secure.gravatar.com\/avatar\/6339360394ced25756c586ddb8d8ce1f?s=48&#038;d=mm&#038;r=g' srcset='https:\/\/secure.gravatar.com\/avatar\/6339360394ced25756c586ddb8d8ce1f?s=96&#038;d=mm&#038;r=g 2x' class='avatar avatar-48 photo' height='48' width='48' \/>\t\t\t\t\t<\/div>\n\t\t\t\t\t\t\t\t<div>\n\t\t\t\t\t\t\t\t\t\t\t<div class=\"upk-author-name\">\n\t\t\t\t\t\t\t<a \n\t\t\t\t\t\t\t\thref=\"https:\/\/plts.ianesgeek.com\/institucional1\/author\/ianesgeek\/\" \n\t\t\t\t\t\t\t\taria-label=\"View all posts by ianesgeek\"\n\t\t\t\t\t\t\t>\n\t\t\t\t\t\t\t\tianesgeek\t\t\t\t\t\t\t<\/a>\n\t\t\t\t\t\t<\/div>\n\t\t\t\t\t\n\t\t\t\t\t<div class=\"upk-flex upk-flex-middle upk-date-reading-wrap\">\n\t\t\t\t\t\t\n\t\t\t\t\t\t\t\t\t\t\t<\/div>\n\n\t\t\t\t<\/div>\n\t\t\t<\/div>\n\t\t\n\t\n\t\t\t\t\n\t\t\t\t<div class=\"upk-content-wrap\">\n\n\t\t\t\t\t<div class=\"upk-content\">\n\t\t\t\t\t\t\t\t<div class=\"upk-category\">\n\t\t\t<a href=\"https:\/\/plts.ianesgeek.com\/institucional1\/category\/blog\/\" \n\t\t\t\t\t\t\taria-label=\"Category Blog\">Blog<\/a> <a href=\"https:\/\/plts.ianesgeek.com\/institucional1\/category\/blog\/lei-trabalhista\/\" \n\t\t\t\t\t\t\taria-label=\"Category Lei Trabalhista\">Lei Trabalhista<\/a>\t\t<\/div>\n\t\t\t\t\t\t\t<h3 class=\"upk-title\"><a href=\"https:\/\/plts.ianesgeek.com\/institucional1\/direitos-do-trabalhador-em-caso-de-demissao\/\" title=\"Direitos do Trabalhador em Caso de Demiss\u00e3o:\" class=\"title-animation-\" aria-label=\"Direitos do Trabalhador em Caso de Demiss\u00e3o:\">Direitos do Trabalhador em Caso de Demiss\u00e3o:<\/a><\/h3>\t\t\t\t\t<\/div>\n\n\t\t\t\t\t\t\t<div class=\"upk-button-wrap\">\n\t\t\t<a \n\t\t\t\thref=\"https:\/\/plts.ianesgeek.com\/institucional1\/direitos-do-trabalhador-em-caso-de-demissao\/\" \n\t\t\t\tclass=\"upk-readmore\" \n\t\t\t\taria-label=\"Read More Button\"\n\t\t\t>\n\t\t\t\t<span class=\"upk-readmore-icon\"><span><\/span><\/span>\n\t\t\t<\/a>\n\t\t<\/div>\n\t\n\t\t\t\t<\/div>\n\t\t\t<\/div>\n\t\t<\/div>\n\t\n\t\t\t\t\n\t\t\t\t\t\t\t<div class=\"upk-item\">\n\t\t\t<div class=\"upk-image-wrap\">\n\t\t\t\t<img decoding=\"async\" width=\"500\" height=\"500\" src=\"https:\/\/plts.ianesgeek.com\/institucional1\/wp-content\/uploads\/2025\/01\/people-shaking-hands-business-agreement-background_r.jpg\" class=\"upk-img\" alt=\"A Import\u00e2ncia do Contrato de Presta\u00e7\u00e3o de Servi\u00e7os:\" srcset=\"https:\/\/plts.ianesgeek.com\/institucional1\/wp-content\/uploads\/2025\/01\/people-shaking-hands-business-agreement-background_r.jpg 500w, https:\/\/plts.ianesgeek.com\/institucional1\/wp-content\/uploads\/2025\/01\/people-shaking-hands-business-agreement-background_r-300x300.jpg 300w, https:\/\/plts.ianesgeek.com\/institucional1\/wp-content\/uploads\/2025\/01\/people-shaking-hands-business-agreement-background_r-150x150.jpg 150w\" sizes=\"(max-width: 500px) 100vw, 500px\" \/>\n\t\t\t\t\t\t\t\t\t<div class=\"upk-meta\">\n\t\t\t\t\t\t\t\t\t<div class=\"upk-author-img\">\n\t\t\t\t\t\t<img alt='' src='https:\/\/secure.gravatar.com\/avatar\/6339360394ced25756c586ddb8d8ce1f?s=48&#038;d=mm&#038;r=g' srcset='https:\/\/secure.gravatar.com\/avatar\/6339360394ced25756c586ddb8d8ce1f?s=96&#038;d=mm&#038;r=g 2x' class='avatar avatar-48 photo' height='48' width='48' \/>\t\t\t\t\t<\/div>\n\t\t\t\t\t\t\t\t<div>\n\t\t\t\t\t\t\t\t\t\t\t<div class=\"upk-author-name\">\n\t\t\t\t\t\t\t<a \n\t\t\t\t\t\t\t\thref=\"https:\/\/plts.ianesgeek.com\/institucional1\/author\/ianesgeek\/\" \n\t\t\t\t\t\t\t\taria-label=\"View all posts by ianesgeek\"\n\t\t\t\t\t\t\t>\n\t\t\t\t\t\t\t\tianesgeek\t\t\t\t\t\t\t<\/a>\n\t\t\t\t\t\t<\/div>\n\t\t\t\t\t\n\t\t\t\t\t<div class=\"upk-flex upk-flex-middle upk-date-reading-wrap\">\n\t\t\t\t\t\t\n\t\t\t\t\t\t\t\t\t\t\t<\/div>\n\n\t\t\t\t<\/div>\n\t\t\t<\/div>\n\t\t\n\t\n\t\t\t\t\n\t\t\t\t<div class=\"upk-content-wrap\">\n\n\t\t\t\t\t<div class=\"upk-content\">\n\t\t\t\t\t\t\t\t<div class=\"upk-category\">\n\t\t\t<a href=\"https:\/\/plts.ianesgeek.com\/institucional1\/category\/blog\/\" \n\t\t\t\t\t\t\taria-label=\"Category Blog\">Blog<\/a> <a href=\"https:\/\/plts.ianesgeek.com\/institucional1\/category\/blog\/prestacao-de-servicos\/\" \n\t\t\t\t\t\t\taria-label=\"Category Presta\u00e7\u00e3o de Servi\u00e7os\">Presta\u00e7\u00e3o de Servi\u00e7os<\/a>\t\t<\/div>\n\t\t\t\t\t\t\t<h3 class=\"upk-title\"><a href=\"https:\/\/plts.ianesgeek.com\/institucional1\/a-importancia-do-contrato-de-prestacao-de-servicos\/\" title=\"A Import\u00e2ncia do Contrato de Presta\u00e7\u00e3o de Servi\u00e7os:\" class=\"title-animation-\" aria-label=\"A Import\u00e2ncia do Contrato de Presta\u00e7\u00e3o de Servi\u00e7os:\">A Import\u00e2ncia do Contrato de Presta\u00e7\u00e3o de Servi\u00e7os:<\/a><\/h3>\t\t\t\t\t<\/div>\n\n\t\t\t\t\t\t\t<div class=\"upk-button-wrap\">\n\t\t\t<a \n\t\t\t\thref=\"https:\/\/plts.ianesgeek.com\/institucional1\/a-importancia-do-contrato-de-prestacao-de-servicos\/\" \n\t\t\t\tclass=\"upk-readmore\" \n\t\t\t\taria-label=\"Read More Button\"\n\t\t\t>\n\t\t\t\t<span class=\"upk-readmore-icon\"><span><\/span><\/span>\n\t\t\t<\/a>\n\t\t<\/div>\n\t\n\t\t\t\t<\/div>\n\t\t\t<\/div>\n\t\t<\/div>\n\t\n\t\t\t\t\n\t\t\t\t\t\t\t<div class=\"upk-item\">\n\t\t\t<div class=\"upk-image-wrap\">\n\t\t\t\t<img loading=\"lazy\" decoding=\"async\" width=\"800\" height=\"640\" src=\"https:\/\/plts.ianesgeek.com\/institucional1\/wp-content\/uploads\/2025\/01\/7.png\" class=\"upk-img\" alt=\"Media\u00e7\u00e3o e Solu\u00e7\u00f5es Alternativas para Conflitos:\" srcset=\"https:\/\/plts.ianesgeek.com\/institucional1\/wp-content\/uploads\/2025\/01\/7.png 800w, https:\/\/plts.ianesgeek.com\/institucional1\/wp-content\/uploads\/2025\/01\/7-300x240.png 300w, https:\/\/plts.ianesgeek.com\/institucional1\/wp-content\/uploads\/2025\/01\/7-768x614.png 768w\" sizes=\"(max-width: 800px) 100vw, 800px\" \/>\n\t\t\t\t\t\t\t\t\t<div class=\"upk-meta\">\n\t\t\t\t\t\t\t\t\t<div class=\"upk-author-img\">\n\t\t\t\t\t\t<img alt='' src='https:\/\/secure.gravatar.com\/avatar\/6339360394ced25756c586ddb8d8ce1f?s=48&#038;d=mm&#038;r=g' srcset='https:\/\/secure.gravatar.com\/avatar\/6339360394ced25756c586ddb8d8ce1f?s=96&#038;d=mm&#038;r=g 2x' class='avatar avatar-48 photo' height='48' width='48' \/>\t\t\t\t\t<\/div>\n\t\t\t\t\t\t\t\t<div>\n\t\t\t\t\t\t\t\t\t\t\t<div class=\"upk-author-name\">\n\t\t\t\t\t\t\t<a \n\t\t\t\t\t\t\t\thref=\"https:\/\/plts.ianesgeek.com\/institucional1\/author\/ianesgeek\/\" \n\t\t\t\t\t\t\t\taria-label=\"View all posts by ianesgeek\"\n\t\t\t\t\t\t\t>\n\t\t\t\t\t\t\t\tianesgeek\t\t\t\t\t\t\t<\/a>\n\t\t\t\t\t\t<\/div>\n\t\t\t\t\t\n\t\t\t\t\t<div class=\"upk-flex upk-flex-middle upk-date-reading-wrap\">\n\t\t\t\t\t\t\n\t\t\t\t\t\t\t\t\t\t\t<\/div>\n\n\t\t\t\t<\/div>\n\t\t\t<\/div>\n\t\t\n\t\n\t\t\t\t\n\t\t\t\t<div class=\"upk-content-wrap\">\n\n\t\t\t\t\t<div class=\"upk-content\">\n\t\t\t\t\t\t\t\t<div class=\"upk-category\">\n\t\t\t<a href=\"https:\/\/plts.ianesgeek.com\/institucional1\/category\/blog\/\" \n\t\t\t\t\t\t\taria-label=\"Category Blog\">Blog<\/a> <a href=\"https:\/\/plts.ianesgeek.com\/institucional1\/category\/blog\/mediacao-de-conflitos\/\" \n\t\t\t\t\t\t\taria-label=\"Category Media\u00e7\u00e3o de Conflitos\">Media\u00e7\u00e3o de Conflitos<\/a>\t\t<\/div>\n\t\t\t\t\t\t\t<h3 class=\"upk-title\"><a href=\"https:\/\/plts.ianesgeek.com\/institucional1\/mediacao-e-solucoes-alternativas-para-conflitos\/\" title=\"Media\u00e7\u00e3o e Solu\u00e7\u00f5es Alternativas para Conflitos:\" class=\"title-animation-\" aria-label=\"Media\u00e7\u00e3o e Solu\u00e7\u00f5es Alternativas para Conflitos:\">Media\u00e7\u00e3o e Solu\u00e7\u00f5es Alternativas para Conflitos:<\/a><\/h3>\t\t\t\t\t<\/div>\n\n\t\t\t\t\t\t\t<div class=\"upk-button-wrap\">\n\t\t\t<a \n\t\t\t\thref=\"https:\/\/plts.ianesgeek.com\/institucional1\/mediacao-e-solucoes-alternativas-para-conflitos\/\" \n\t\t\t\tclass=\"upk-readmore\" \n\t\t\t\taria-label=\"Read More Button\"\n\t\t\t>\n\t\t\t\t<span class=\"upk-readmore-icon\"><span><\/span><\/span>\n\t\t\t<\/a>\n\t\t<\/div>\n\t\n\t\t\t\t<\/div>\n\t\t\t<\/div>\n\t\t<\/div>\n\t\n\t\t\t\t\n\t\t\t\t\t\t\t<div class=\"upk-item\">\n\t\t\t<div class=\"upk-image-wrap\">\n\t\t\t\t<img loading=\"lazy\" decoding=\"async\" width=\"800\" height=\"640\" src=\"https:\/\/plts.ianesgeek.com\/institucional1\/wp-content\/uploads\/2025\/01\/8.png\" class=\"upk-img\" alt=\"Quest\u00f5es Trabalhistas:\" srcset=\"https:\/\/plts.ianesgeek.com\/institucional1\/wp-content\/uploads\/2025\/01\/8.png 800w, https:\/\/plts.ianesgeek.com\/institucional1\/wp-content\/uploads\/2025\/01\/8-300x240.png 300w, https:\/\/plts.ianesgeek.com\/institucional1\/wp-content\/uploads\/2025\/01\/8-768x614.png 768w\" sizes=\"(max-width: 800px) 100vw, 800px\" \/>\n\t\t\t\t\t\t\t\t\t<div class=\"upk-meta\">\n\t\t\t\t\t\t\t\t\t<div class=\"upk-author-img\">\n\t\t\t\t\t\t<img alt='' src='https:\/\/secure.gravatar.com\/avatar\/6339360394ced25756c586ddb8d8ce1f?s=48&#038;d=mm&#038;r=g' srcset='https:\/\/secure.gravatar.com\/avatar\/6339360394ced25756c586ddb8d8ce1f?s=96&#038;d=mm&#038;r=g 2x' class='avatar avatar-48 photo' height='48' width='48' \/>\t\t\t\t\t<\/div>\n\t\t\t\t\t\t\t\t<div>\n\t\t\t\t\t\t\t\t\t\t\t<div class=\"upk-author-name\">\n\t\t\t\t\t\t\t<a \n\t\t\t\t\t\t\t\thref=\"https:\/\/plts.ianesgeek.com\/institucional1\/author\/ianesgeek\/\" \n\t\t\t\t\t\t\t\taria-label=\"View all posts by ianesgeek\"\n\t\t\t\t\t\t\t>\n\t\t\t\t\t\t\t\tianesgeek\t\t\t\t\t\t\t<\/a>\n\t\t\t\t\t\t<\/div>\n\t\t\t\t\t\n\t\t\t\t\t<div class=\"upk-flex upk-flex-middle upk-date-reading-wrap\">\n\t\t\t\t\t\t\n\t\t\t\t\t\t\t\t\t\t\t<\/div>\n\n\t\t\t\t<\/div>\n\t\t\t<\/div>\n\t\t\n\t\n\t\t\t\t\n\t\t\t\t<div class=\"upk-content-wrap\">\n\n\t\t\t\t\t<div class=\"upk-content\">\n\t\t\t\t\t\t\t\t<div class=\"upk-category\">\n\t\t\t<a href=\"https:\/\/plts.ianesgeek.com\/institucional1\/category\/blog\/\" \n\t\t\t\t\t\t\taria-label=\"Category Blog\">Blog<\/a> <a href=\"https:\/\/plts.ianesgeek.com\/institucional1\/category\/blog\/lei-trabalhista\/\" \n\t\t\t\t\t\t\taria-label=\"Category Lei Trabalhista\">Lei Trabalhista<\/a>\t\t<\/div>\n\t\t\t\t\t\t\t<h3 class=\"upk-title\"><a href=\"https:\/\/plts.ianesgeek.com\/institucional1\/questoes-trabalhistas\/\" title=\"Quest\u00f5es Trabalhistas:\" class=\"title-animation-\" aria-label=\"Quest\u00f5es Trabalhistas:\">Quest\u00f5es Trabalhistas:<\/a><\/h3>\t\t\t\t\t<\/div>\n\n\t\t\t\t\t\t\t<div class=\"upk-button-wrap\">\n\t\t\t<a \n\t\t\t\thref=\"https:\/\/plts.ianesgeek.com\/institucional1\/questoes-trabalhistas\/\" \n\t\t\t\tclass=\"upk-readmore\" \n\t\t\t\taria-label=\"Read More Button\"\n\t\t\t>\n\t\t\t\t<span class=\"upk-readmore-icon\"><span><\/span><\/span>\n\t\t\t<\/a>\n\t\t<\/div>\n\t\n\t\t\t\t<\/div>\n\t\t\t<\/div>\n\t\t<\/div>\n\t\n\t\t\t\t\n\t\t\t\t\t\t\t<div class=\"upk-item\">\n\t\t\t<div class=\"upk-image-wrap\">\n\t\t\t\t<img loading=\"lazy\" decoding=\"async\" width=\"800\" height=\"640\" src=\"https:\/\/plts.ianesgeek.com\/institucional1\/wp-content\/uploads\/2025\/01\/6.png\" class=\"upk-img\" alt=\"Conhe\u00e7a Seus Direitos como Consumidor:\" srcset=\"https:\/\/plts.ianesgeek.com\/institucional1\/wp-content\/uploads\/2025\/01\/6.png 800w, https:\/\/plts.ianesgeek.com\/institucional1\/wp-content\/uploads\/2025\/01\/6-300x240.png 300w, https:\/\/plts.ianesgeek.com\/institucional1\/wp-content\/uploads\/2025\/01\/6-768x614.png 768w\" sizes=\"(max-width: 800px) 100vw, 800px\" \/>\n\t\t\t\t\t\t\t\t\t<div class=\"upk-meta\">\n\t\t\t\t\t\t\t\t\t<div class=\"upk-author-img\">\n\t\t\t\t\t\t<img alt='' src='https:\/\/secure.gravatar.com\/avatar\/6339360394ced25756c586ddb8d8ce1f?s=48&#038;d=mm&#038;r=g' srcset='https:\/\/secure.gravatar.com\/avatar\/6339360394ced25756c586ddb8d8ce1f?s=96&#038;d=mm&#038;r=g 2x' class='avatar avatar-48 photo' height='48' width='48' \/>\t\t\t\t\t<\/div>\n\t\t\t\t\t\t\t\t<div>\n\t\t\t\t\t\t\t\t\t\t\t<div class=\"upk-author-name\">\n\t\t\t\t\t\t\t<a \n\t\t\t\t\t\t\t\thref=\"https:\/\/plts.ianesgeek.com\/institucional1\/author\/ianesgeek\/\" \n\t\t\t\t\t\t\t\taria-label=\"View all posts by ianesgeek\"\n\t\t\t\t\t\t\t>\n\t\t\t\t\t\t\t\tianesgeek\t\t\t\t\t\t\t<\/a>\n\t\t\t\t\t\t<\/div>\n\t\t\t\t\t\n\t\t\t\t\t<div class=\"upk-flex upk-flex-middle upk-date-reading-wrap\">\n\t\t\t\t\t\t\n\t\t\t\t\t\t\t\t\t\t\t<\/div>\n\n\t\t\t\t<\/div>\n\t\t\t<\/div>\n\t\t\n\t\n\t\t\t\t\n\t\t\t\t<div class=\"upk-content-wrap\">\n\n\t\t\t\t\t<div class=\"upk-content\">\n\t\t\t\t\t\t\t\t<div class=\"upk-category\">\n\t\t\t<a href=\"https:\/\/plts.ianesgeek.com\/institucional1\/category\/blog\/\" \n\t\t\t\t\t\t\taria-label=\"Category Blog\">Blog<\/a> <a href=\"https:\/\/plts.ianesgeek.com\/institucional1\/category\/blog\/direitos-do-consumidor\/\" \n\t\t\t\t\t\t\taria-label=\"Category Direitos do Consumidor\">Direitos do Consumidor<\/a>\t\t<\/div>\n\t\t\t\t\t\t\t<h3 class=\"upk-title\"><a href=\"https:\/\/plts.ianesgeek.com\/institucional1\/conheca-seus-direitos-como-consumidor\/\" title=\"Conhe\u00e7a Seus Direitos como Consumidor:\" class=\"title-animation-\" aria-label=\"Conhe\u00e7a Seus Direitos como Consumidor:\">Conhe\u00e7a Seus Direitos como Consumidor:<\/a><\/h3>\t\t\t\t\t<\/div>\n\n\t\t\t\t\t\t\t<div class=\"upk-button-wrap\">\n\t\t\t<a \n\t\t\t\thref=\"https:\/\/plts.ianesgeek.com\/institucional1\/conheca-seus-direitos-como-consumidor\/\" \n\t\t\t\tclass=\"upk-readmore\" \n\t\t\t\taria-label=\"Read More Button\"\n\t\t\t>\n\t\t\t\t<span class=\"upk-readmore-icon\"><span><\/span><\/span>\n\t\t\t<\/a>\n\t\t<\/div>\n\t\n\t\t\t\t<\/div>\n\t\t\t<\/div>\n\t\t<\/div>\n\t\n\t\t\t\t\n\t\t\t\t\t\t\t<div class=\"upk-item\">\n\t\t\t<div class=\"upk-image-wrap\">\n\t\t\t\t<img loading=\"lazy\" decoding=\"async\" width=\"500\" height=\"500\" src=\"https:\/\/plts.ianesgeek.com\/institucional1\/wp-content\/uploads\/2025\/01\/lawyer-filling-document_r.jpg\" class=\"upk-img\" alt=\"Desvendando Contratos Jur\u00eddicos:\" srcset=\"https:\/\/plts.ianesgeek.com\/institucional1\/wp-content\/uploads\/2025\/01\/lawyer-filling-document_r.jpg 500w, https:\/\/plts.ianesgeek.com\/institucional1\/wp-content\/uploads\/2025\/01\/lawyer-filling-document_r-300x300.jpg 300w, https:\/\/plts.ianesgeek.com\/institucional1\/wp-content\/uploads\/2025\/01\/lawyer-filling-document_r-150x150.jpg 150w\" sizes=\"(max-width: 500px) 100vw, 500px\" \/>\n\t\t\t\t\t\t\t\t\t<div class=\"upk-meta\">\n\t\t\t\t\t\t\t\t\t<div class=\"upk-author-img\">\n\t\t\t\t\t\t<img alt='' src='https:\/\/secure.gravatar.com\/avatar\/6339360394ced25756c586ddb8d8ce1f?s=48&#038;d=mm&#038;r=g' srcset='https:\/\/secure.gravatar.com\/avatar\/6339360394ced25756c586ddb8d8ce1f?s=96&#038;d=mm&#038;r=g 2x' class='avatar avatar-48 photo' height='48' width='48' \/>\t\t\t\t\t<\/div>\n\t\t\t\t\t\t\t\t<div>\n\t\t\t\t\t\t\t\t\t\t\t<div class=\"upk-author-name\">\n\t\t\t\t\t\t\t<a \n\t\t\t\t\t\t\t\thref=\"https:\/\/plts.ianesgeek.com\/institucional1\/author\/ianesgeek\/\" \n\t\t\t\t\t\t\t\taria-label=\"View all posts by ianesgeek\"\n\t\t\t\t\t\t\t>\n\t\t\t\t\t\t\t\tianesgeek\t\t\t\t\t\t\t<\/a>\n\t\t\t\t\t\t<\/div>\n\t\t\t\t\t\n\t\t\t\t\t<div class=\"upk-flex upk-flex-middle upk-date-reading-wrap\">\n\t\t\t\t\t\t\n\t\t\t\t\t\t\t\t\t\t\t<\/div>\n\n\t\t\t\t<\/div>\n\t\t\t<\/div>\n\t\t\n\t\n\t\t\t\t\n\t\t\t\t<div class=\"upk-content-wrap\">\n\n\t\t\t\t\t<div class=\"upk-content\">\n\t\t\t\t\t\t\t\t<div class=\"upk-category\">\n\t\t\t<a href=\"https:\/\/plts.ianesgeek.com\/institucional1\/category\/blog\/\" \n\t\t\t\t\t\t\taria-label=\"Category Blog\">Blog<\/a> <a href=\"https:\/\/plts.ianesgeek.com\/institucional1\/category\/blog\/contratos-juridicos\/\" \n\t\t\t\t\t\t\taria-label=\"Category Contratos Jur\u00eddicos\">Contratos Jur\u00eddicos<\/a>\t\t<\/div>\n\t\t\t\t\t\t\t<h3 class=\"upk-title\"><a href=\"https:\/\/plts.ianesgeek.com\/institucional1\/desvendando-contratos-juridicos\/\" title=\"Desvendando Contratos Jur\u00eddicos:\" class=\"title-animation-\" aria-label=\"Desvendando Contratos Jur\u00eddicos:\">Desvendando Contratos Jur\u00eddicos:<\/a><\/h3>\t\t\t\t\t<\/div>\n\n\t\t\t\t\t\t\t<div class=\"upk-button-wrap\">\n\t\t\t<a \n\t\t\t\thref=\"https:\/\/plts.ianesgeek.com\/institucional1\/desvendando-contratos-juridicos\/\" \n\t\t\t\tclass=\"upk-readmore\" \n\t\t\t\taria-label=\"Read More Button\"\n\t\t\t>\n\t\t\t\t<span class=\"upk-readmore-icon\"><span><\/span><\/span>\n\t\t\t<\/a>\n\t\t<\/div>\n\t\n\t\t\t\t<\/div>\n\t\t\t<\/div>\n\t\t<\/div>\n\t\n\t\t\t\t\n\t\t\t\t\t\t\t<div class=\"upk-item\">\n\t\t\t<div class=\"upk-image-wrap\">\n\t\t\t\t<img loading=\"lazy\" decoding=\"async\" width=\"500\" height=\"500\" src=\"https:\/\/plts.ianesgeek.com\/institucional1\/wp-content\/uploads\/2025\/01\/autumn-decoration-with-menu_r.jpg\" class=\"upk-img\" alt=\"Planeje Seu Futuro com Seguran\u00e7a:\" srcset=\"https:\/\/plts.ianesgeek.com\/institucional1\/wp-content\/uploads\/2025\/01\/autumn-decoration-with-menu_r.jpg 500w, https:\/\/plts.ianesgeek.com\/institucional1\/wp-content\/uploads\/2025\/01\/autumn-decoration-with-menu_r-300x300.jpg 300w, https:\/\/plts.ianesgeek.com\/institucional1\/wp-content\/uploads\/2025\/01\/autumn-decoration-with-menu_r-150x150.jpg 150w\" sizes=\"(max-width: 500px) 100vw, 500px\" \/>\n\t\t\t\t\t\t\t\t\t<div class=\"upk-meta\">\n\t\t\t\t\t\t\t\t\t<div class=\"upk-author-img\">\n\t\t\t\t\t\t<img alt='' src='https:\/\/secure.gravatar.com\/avatar\/6339360394ced25756c586ddb8d8ce1f?s=48&#038;d=mm&#038;r=g' srcset='https:\/\/secure.gravatar.com\/avatar\/6339360394ced25756c586ddb8d8ce1f?s=96&#038;d=mm&#038;r=g 2x' class='avatar avatar-48 photo' height='48' width='48' \/>\t\t\t\t\t<\/div>\n\t\t\t\t\t\t\t\t<div>\n\t\t\t\t\t\t\t\t\t\t\t<div class=\"upk-author-name\">\n\t\t\t\t\t\t\t<a \n\t\t\t\t\t\t\t\thref=\"https:\/\/plts.ianesgeek.com\/institucional1\/author\/ianesgeek\/\" \n\t\t\t\t\t\t\t\taria-label=\"View all posts by ianesgeek\"\n\t\t\t\t\t\t\t>\n\t\t\t\t\t\t\t\tianesgeek\t\t\t\t\t\t\t<\/a>\n\t\t\t\t\t\t<\/div>\n\t\t\t\t\t\n\t\t\t\t\t<div class=\"upk-flex upk-flex-middle upk-date-reading-wrap\">\n\t\t\t\t\t\t\n\t\t\t\t\t\t\t\t\t\t\t<\/div>\n\n\t\t\t\t<\/div>\n\t\t\t<\/div>\n\t\t\n\t\n\t\t\t\t\n\t\t\t\t<div class=\"upk-content-wrap\">\n\n\t\t\t\t\t<div class=\"upk-content\">\n\t\t\t\t\t\t\t\t<div class=\"upk-category\">\n\t\t\t<a href=\"https:\/\/plts.ianesgeek.com\/institucional1\/category\/blog\/\" \n\t\t\t\t\t\t\taria-label=\"Category Blog\">Blog<\/a> <a href=\"https:\/\/plts.ianesgeek.com\/institucional1\/category\/blog\/testamento\/\" \n\t\t\t\t\t\t\taria-label=\"Category Testamento\">Testamento<\/a>\t\t<\/div>\n\t\t\t\t\t\t\t<h3 class=\"upk-title\"><a href=\"https:\/\/plts.ianesgeek.com\/institucional1\/planeje-seu-futuro-com-seguranca\/\" title=\"Planeje Seu Futuro com Seguran\u00e7a:\" class=\"title-animation-\" aria-label=\"Planeje Seu Futuro com Seguran\u00e7a:\">Planeje Seu Futuro com Seguran\u00e7a:<\/a><\/h3>\t\t\t\t\t<\/div>\n\n\t\t\t\t\t\t\t<div class=\"upk-button-wrap\">\n\t\t\t<a \n\t\t\t\thref=\"https:\/\/plts.ianesgeek.com\/institucional1\/planeje-seu-futuro-com-seguranca\/\" \n\t\t\t\tclass=\"upk-readmore\" \n\t\t\t\taria-label=\"Read More Button\"\n\t\t\t>\n\t\t\t\t<span class=\"upk-readmore-icon\"><span><\/span><\/span>\n\t\t\t<\/a>\n\t\t<\/div>\n\t\n\t\t\t\t<\/div>\n\t\t\t<\/div>\n\t\t<\/div>\n\t\n\t\t\t\t\n\t\t\t<\/div>\n\t\t<\/div>\n\n\t\t\t\t\t\t<\/div>\n\t\t\t\t<\/div>\n\t\t\t\t\t<\/div>\n\t\t\t\t<\/div>\n\t\t\t\t<\/div>\n\t\t","protected":false},"excerpt":{"rendered":"<p>Nosso Blog N\u00e3o deixe de conferir os \u00faltimos posts do nosso blog. ianesgeek Sociedade Empresarial Planejando uma Sociedade Empresarial: ianesgeek Blog Lei Trabalhista Direitos do Trabalhador em Caso de Demiss\u00e3o: ianesgeek Blog Presta\u00e7\u00e3o de Servi\u00e7os A Import\u00e2ncia do Contrato de Presta\u00e7\u00e3o de Servi\u00e7os: ianesgeek Blog Media\u00e7\u00e3o de Conflitos Media\u00e7\u00e3o e Solu\u00e7\u00f5es Alternativas para Conflitos: ianesgeek Blog Lei Trabalhista Quest\u00f5es Trabalhistas: ianesgeek Blog Direitos do Consumidor Conhe\u00e7a Seus Direitos como Consumidor: ianesgeek Blog Contratos Jur\u00eddicos Desvendando Contratos Jur\u00eddicos: ianesgeek Blog Testamento Planeje Seu Futuro com Seguran\u00e7a:<\/p>\n","protected":false},"author":1,"featured_media":0,"parent":0,"menu_order":0,"comment_status":"closed","ping_status":"closed","template":"elementor_header_footer","meta":{"footnotes":""},"class_list":["post-649","page","type-page","status-publish","hentry"],"_links":{"self":[{"href":"https:\/\/plts.ianesgeek.com\/institucional1\/wp-json\/wp\/v2\/pages\/649","targetHints":{"allow":["GET"]}}],"collection":[{"href":"https:\/\/plts.ianesgeek.com\/institucional1\/wp-json\/wp\/v2\/pages"}],"about":[{"href":"https:\/\/plts.ianesgeek.com\/institucional1\/wp-json\/wp\/v2\/types\/page"}],"author":[{"embeddable":true,"href":"https:\/\/plts.ianesgeek.com\/institucional1\/wp-json\/wp\/v2\/users\/1"}],"replies":[{"embeddable":true,"href":"https:\/\/plts.ianesgeek.com\/institucional1\/wp-json\/wp\/v2\/comments?post=649"}],"version-history":[{"count":16,"href":"https:\/\/plts.ianesgeek.com\/institucional1\/wp-json\/wp\/v2\/pages\/649\/revisions"}],"predecessor-version":[{"id":674,"href":"https:\/\/plts.ianesgeek.com\/institucional1\/wp-json\/wp\/v2\/pages\/649\/revisions\/674"}],"wp:attachment":[{"href":"https:\/\/plts.ianesgeek.com\/institucional1\/wp-json\/wp\/v2\/media?parent=649"}],"curies":[{"name":"wp","href":"https:\/\/api.w.org\/{rel}","templated":true}]}}